{"id":6918,"date":"2024-02-18T14:20:37","date_gmt":"2024-02-18T13:20:37","guid":{"rendered":"https:\/\/lespepitesdebelleplagne.com\/?page_id=6918"},"modified":"2024-02-18T14:39:32","modified_gmt":"2024-02-18T13:39:32","slug":"votre-pepite","status":"publish","type":"page","link":"https:\/\/lespepitesdebelleplagne.com\/en\/votre-pepite\/","title":{"rendered":"Votre p\u00e9pite"},"content":{"rendered":"\t\t<div data-elementor-type=\"wp-page\" data-elementor-id=\"6918\" class=\"elementor elementor-6918\">\n\t\t\t\t<div class=\"elementor-element elementor-element-c5bcf9a e-con-full e-flex e-con e-parent\" data-id=\"c5bcf9a\" data-element_type=\"container\">\n\t\t<div class=\"elementor-element elementor-element-e86e3e6 e-con-full e-flex e-con e-child\" data-id=\"e86e3e6\" data-element_type=\"container\">\n\t\t\t\t<div class=\"elementor-element elementor-element-b49d20f elementor-widget elementor-widget-heading\" data-id=\"b49d20f\" data-element_type=\"widget\" data-widget_type=\"heading.default\">\n\t\t\t\t<div class=\"elementor-widget-container\">\n\t\t\t<style>\/*! elementor - v3.23.0 - 05-08-2024 *\/\n.elementor-heading-title{padding:0;margin:0;line-height:1}.elementor-widget-heading .elementor-heading-title[class*=elementor-size-]>a{color:inherit;font-size:inherit;line-height:inherit}.elementor-widget-heading .elementor-heading-title.elementor-size-small{font-size:15px}.elementor-widget-heading .elementor-heading-title.elementor-size-medium{font-size:19px}.elementor-widget-heading .elementor-heading-title.elementor-size-large{font-size:29px}.elementor-widget-heading .elementor-heading-title.elementor-size-xl{font-size:39px}.elementor-widget-heading .elementor-heading-title.elementor-size-xxl{font-size:59px}<\/style><h2 class=\"elementor-heading-title elementor-size-default\">Devenir un H\u00f4te<\/h2>\t\t<\/div>\n\t\t\t\t<\/div>\n\t\t\t\t<div class=\"elementor-element elementor-element-b32ed39 elementor-widget elementor-widget-text-editor\" data-id=\"b32ed39\" data-element_type=\"widget\" data-widget_type=\"text-editor.default\">\n\t\t\t\t<div class=\"elementor-widget-container\">\n\t\t\t<style>\/*! elementor - v3.23.0 - 05-08-2024 *\/\n.elementor-widget-text-editor.elementor-drop-cap-view-stacked .elementor-drop-cap{background-color:#69727d;color:#fff}.elementor-widget-text-editor.elementor-drop-cap-view-framed .elementor-drop-cap{color:#69727d;border:3px solid;background-color:transparent}.elementor-widget-text-editor:not(.elementor-drop-cap-view-default) .elementor-drop-cap{margin-top:8px}.elementor-widget-text-editor:not(.elementor-drop-cap-view-default) .elementor-drop-cap-letter{width:1em;height:1em}.elementor-widget-text-editor .elementor-drop-cap{float:left;text-align:center;line-height:1;font-size:50px}.elementor-widget-text-editor .elementor-drop-cap-letter{display:inline-block}<\/style>\t\t\t\t<p>Vous souhaitez mettre votre logement exeptionnel en location ? Nous serons ravis d\u2019en savoir plus<\/p>\t\t\t\t\t\t<\/div>\n\t\t\t\t<\/div>\n\t\t\t\t<\/div>\n\t\t<div class=\"elementor-element elementor-element-e58ebb3 e-con-full e-flex e-con e-child\" data-id=\"e58ebb3\" data-element_type=\"container\">\n\t\t\t\t<\/div>\n\t\t<div class=\"elementor-element elementor-element-9272fb7 e-con-full e-flex e-con e-child\" data-id=\"9272fb7\" data-element_type=\"container\">\n\t\t\t\t<div class=\"elementor-element elementor-element-09b2b79 elementor-widget elementor-widget-heading\" data-id=\"09b2b79\" data-element_type=\"widget\" data-widget_type=\"heading.default\">\n\t\t\t\t<div class=\"elementor-widget-container\">\n\t\t\t<h2 class=\"elementor-heading-title elementor-size-default\">Proposer votre p\u00e9pite<\/h2>\t\t<\/div>\n\t\t\t\t<\/div>\n\t\t\t\t<div class=\"elementor-element elementor-element-1a2b258 elementor-widget elementor-widget-shortcode\" data-id=\"1a2b258\" data-element_type=\"widget\" data-widget_type=\"shortcode.default\">\n\t\t\t\t<div class=\"elementor-widget-container\">\n\t\t\t\t\t<div class=\"elementor-shortcode\">\n<div class=\"wpcf7 no-js\" id=\"wpcf7-f1343-o1\" lang=\"en-US\" dir=\"ltr\" data-wpcf7-id=\"1343\">\n<div class=\"screen-reader-response\"><p role=\"status\" aria-live=\"polite\" aria-atomic=\"true\"><\/p> <ul><\/ul><\/div>\n<form action=\"\/en\/wp-json\/wp\/v2\/pages\/6918#wpcf7-f1343-o1\" method=\"post\" class=\"wpcf7-form init\" aria-label=\"Contact form\" novalidate=\"novalidate\" data-status=\"init\">\n<fieldset class=\"hidden-fields-container\"><input type=\"hidden\" name=\"_wpcf7\" value=\"1343\" \/><input type=\"hidden\" name=\"_wpcf7_version\" value=\"6.1.5\" \/><input type=\"hidden\" name=\"_wpcf7_locale\" value=\"en_US\" \/><input type=\"hidden\" name=\"_wpcf7_unit_tag\" value=\"wpcf7-f1343-o1\" \/><input type=\"hidden\" name=\"_wpcf7_container_post\" value=\"0\" \/><input type=\"hidden\" name=\"_wpcf7_posted_data_hash\" value=\"\" \/>\n<\/fieldset>\n<div class=\"form-group\">\n\t<p><label class=\"required\" for=\"yourName\">Votre nom<\/label><br \/>\n<span class=\"wpcf7-form-control-wrap\" data-name=\"your-name\"><input size=\"40\" maxlength=\"400\" class=\"wpcf7-form-control wpcf7-text wpcf7-validates-as-required form-control\" aria-required=\"true\" aria-invalid=\"false\" value=\"\" type=\"text\" name=\"your-name\" \/><\/span>\n\t<\/p>\n<\/div>\n<div class=\"form-group\">\n\t<p><label class=\"required\" for=\"yourEmail\">Votre email<\/label><br \/>\n<span class=\"wpcf7-form-control-wrap\" data-name=\"your-email\"><input size=\"40\" maxlength=\"400\" class=\"wpcf7-form-control wpcf7-email wpcf7-validates-as-required wpcf7-text wpcf7-validates-as-email form-control\" aria-required=\"true\" aria-invalid=\"false\" value=\"\" type=\"email\" name=\"your-email\" \/><\/span>\n\t<\/p>\n<\/div>\n<div class=\"form-group\">\n\t<p><label class=\"required\" for=\"yourMessage\">Votre message <\/label><br \/>\n<span class=\"wpcf7-form-control-wrap\" data-name=\"your-message\"><textarea cols=\"40\" rows=\"10\" maxlength=\"2000\" class=\"wpcf7-form-control wpcf7-textarea wpcf7-validates-as-required form-control\" aria-required=\"true\" aria-invalid=\"false\" name=\"your-message\"><\/textarea><\/span>\n\t<\/p>\n<\/div>\n<p><input class=\"wpcf7-form-control wpcf7-submit has-spinner btn btn-primary\" type=\"submit\" value=\"Envoyer\" \/>\n<\/p><div class=\"wpcf7-response-output\" aria-hidden=\"true\"><\/div>\n<\/form>\n<\/div>\n<\/div>\n\t\t\t\t<\/div>\n\t\t\t\t<\/div>\n\t\t\t\t<\/div>\n\t\t\t\t<\/div>\n\t\t\t\t<\/div>\n\t\t","protected":false},"excerpt":{"rendered":"<p>Devenir un H\u00f4te Vous souhaitez mettre votre logement exeptionnel en location ? Nous serons ravis d\u2019en savoir plus Proposer votre p\u00e9pite<\/p>","protected":false},"author":1,"featured_media":0,"parent":0,"menu_order":0,"comment_status":"closed","ping_status":"closed","template":"","meta":{"footnotes":""},"class_list":["post-6918","page","type-page","status-publish","hentry"],"yoast_head":"<!-- This site is optimized with the Yoast SEO plugin v27.1.1 - https:\/\/yoast.com\/product\/yoast-seo-wordpress\/ -->\n<title>Votre p\u00e9pite Location Belle Plagne Les p\u00e9pites de belle Plagne<\/title>\n<meta name=\"description\" content=\"D\u00e9couvrez notre collection d\u2019appartements, parmi les plus \u00e9l\u00e9gants appartements de Belle-Plagne et autres villages \u00e0 2050 m\u00e8tres d\u2019altitude dans une des plus belle station d\u2019Europe. Tous les logements de notre collection sont accompagn\u00e9s de notre service de conciergerie, pour vous offrir un tr\u00e8s haut niveau d\u2019exp\u00e9rience, tout au long de votre s\u00e9jour.\" \/>\n<meta name=\"robots\" content=\"index, follow, max-snippet:-1, max-image-preview:large, max-video-preview:-1\" \/>\n<link rel=\"canonical\" href=\"https:\/\/lespepitesdebelleplagne.com\/en\/votre-pepite\/\" \/>\n<meta property=\"og:locale\" content=\"en_GB\" \/>\n<meta property=\"og:type\" content=\"article\" \/>\n<meta property=\"og:title\" content=\"Votre p\u00e9pite Location Belle Plagne Les p\u00e9pites de belle Plagne\" \/>\n<meta property=\"og:description\" content=\"D\u00e9couvrez notre collection d\u2019appartements, parmi les plus \u00e9l\u00e9gants appartements de Belle-Plagne et autres villages \u00e0 2050 m\u00e8tres d\u2019altitude dans une des plus belle station d\u2019Europe. Tous les logements de notre collection sont accompagn\u00e9s de notre service de conciergerie, pour vous offrir un tr\u00e8s haut niveau d\u2019exp\u00e9rience, tout au long de votre s\u00e9jour.\" \/>\n<meta property=\"og:url\" content=\"https:\/\/lespepitesdebelleplagne.com\/en\/votre-pepite\/\" \/>\n<meta property=\"og:site_name\" content=\"Les p\u00e9pites de belle Plagne\" \/>\n<meta property=\"article:modified_time\" content=\"2024-02-18T13:39:32+00:00\" \/>\n<meta property=\"og:image\" content=\"https:\/\/lespepitesdebelleplagne.com\/wp-content\/uploads\/2024\/01\/WhatsApp-Image-2024-01-16-at-11.31.40-scaled.jpeg\" \/>\n\t<meta property=\"og:image:width\" content=\"2560\" \/>\n\t<meta property=\"og:image:height\" content=\"1920\" \/>\n\t<meta property=\"og:image:type\" content=\"image\/jpeg\" \/>\n<meta name=\"twitter:card\" content=\"summary_large_image\" \/>\n<script type=\"application\/ld+json\" class=\"yoast-schema-graph\">{\"@context\":\"https:\/\/schema.org\",\"@graph\":[{\"@type\":\"WebPage\",\"@id\":\"https:\/\/lespepitesdebelleplagne.com\/votre-pepite\/\",\"url\":\"https:\/\/lespepitesdebelleplagne.com\/votre-pepite\/\",\"name\":\"Votre p\u00e9pite Location Belle Plagne Les p\u00e9pites de belle Plagne\",\"isPartOf\":{\"@id\":\"https:\/\/lespepitesdebelleplagne.com\/#website\"},\"datePublished\":\"2024-02-18T13:20:37+00:00\",\"dateModified\":\"2024-02-18T13:39:32+00:00\",\"description\":\"D\u00e9couvrez notre collection d\u2019appartements, parmi les plus \u00e9l\u00e9gants appartements de Belle-Plagne et autres villages \u00e0 2050 m\u00e8tres d\u2019altitude dans une des plus belle station d\u2019Europe. Tous les logements de notre collection sont accompagn\u00e9s de notre service de conciergerie, pour vous offrir un tr\u00e8s haut niveau d\u2019exp\u00e9rience, tout au long de votre s\u00e9jour.\",\"breadcrumb\":{\"@id\":\"https:\/\/lespepitesdebelleplagne.com\/votre-pepite\/#breadcrumb\"},\"inLanguage\":\"en-GB\",\"potentialAction\":[{\"@type\":\"ReadAction\",\"target\":[\"https:\/\/lespepitesdebelleplagne.com\/votre-pepite\/\"]}]},{\"@type\":\"BreadcrumbList\",\"@id\":\"https:\/\/lespepitesdebelleplagne.com\/votre-pepite\/#breadcrumb\",\"itemListElement\":[{\"@type\":\"ListItem\",\"position\":1,\"name\":\"Accueil\",\"item\":\"https:\/\/lespepitesdebelleplagne.com\/\"},{\"@type\":\"ListItem\",\"position\":2,\"name\":\"Votre p\u00e9pite\"}]},{\"@type\":\"WebSite\",\"@id\":\"https:\/\/lespepitesdebelleplagne.com\/#website\",\"url\":\"https:\/\/lespepitesdebelleplagne.com\/\",\"name\":\"Les p\u00e9pites de belle Plagne\",\"description\":\"D\u00e9couvrez notre collection d\u2019appartements, parmi les plus \u00e9l\u00e9gants appartements de Belle-Plagne et autres villages \u00e0 2050 m\u00e8tres d\u2019altitude dans une des plus belle station d\u2019Europe. Tous les logements de notre collection sont accompagn\u00e9s de notre service de conciergerie, pour vous offrir un tr\u00e8s haut niveau d\u2019exp\u00e9rience, tout au long de votre s\u00e9jour.\",\"publisher\":{\"@id\":\"https:\/\/lespepitesdebelleplagne.com\/#organization\"},\"alternateName\":\"D\u00e9couvrez notre collection d\u2019appartements, parmi les plus \u00e9l\u00e9gants appartements de Belle-Plagne et autres villages \u00e0 2050 m\u00e8tres d\u2019altitude dans une des plus belle station d\u2019Europe. Tous les logements de notre collection sont accompagn\u00e9s de notre service de conciergerie, pour vous offrir un tr\u00e8s haut niveau d\u2019exp\u00e9rience, tout au long de votre s\u00e9jour.\",\"potentialAction\":[{\"@type\":\"SearchAction\",\"target\":{\"@type\":\"EntryPoint\",\"urlTemplate\":\"https:\/\/lespepitesdebelleplagne.com\/?s={search_term_string}\"},\"query-input\":{\"@type\":\"PropertyValueSpecification\",\"valueRequired\":true,\"valueName\":\"search_term_string\"}}],\"inLanguage\":\"en-GB\"},{\"@type\":\"Organization\",\"@id\":\"https:\/\/lespepitesdebelleplagne.com\/#organization\",\"name\":\"Les p\u00e9pites de belle Plagne\",\"alternateName\":\"Location Belle Palgne\",\"url\":\"https:\/\/lespepitesdebelleplagne.com\/\",\"logo\":{\"@type\":\"ImageObject\",\"inLanguage\":\"en-GB\",\"@id\":\"https:\/\/lespepitesdebelleplagne.com\/#\/schema\/logo\/image\/\",\"url\":\"https:\/\/lespepitesdebelleplagne.com\/wp-content\/uploads\/2023\/12\/LOGO-LAPLAGNE.jpeg\",\"contentUrl\":\"https:\/\/lespepitesdebelleplagne.com\/wp-content\/uploads\/2023\/12\/LOGO-LAPLAGNE.jpeg\",\"width\":500,\"height\":500,\"caption\":\"Les p\u00e9pites de belle Plagne\"},\"image\":{\"@id\":\"https:\/\/lespepitesdebelleplagne.com\/#\/schema\/logo\/image\/\"}}]}<\/script>\n<!-- \/ Yoast SEO plugin. -->","yoast_head_json":{"title":"Votre p\u00e9pite Location Belle Plagne Les p\u00e9pites de belle Plagne","description":"D\u00e9couvrez notre collection d\u2019appartements, parmi les plus \u00e9l\u00e9gants appartements de Belle-Plagne et autres villages \u00e0 2050 m\u00e8tres d\u2019altitude dans une des plus belle station d\u2019Europe. Tous les logements de notre collection sont accompagn\u00e9s de notre service de conciergerie, pour vous offrir un tr\u00e8s haut niveau d\u2019exp\u00e9rience, tout au long de votre s\u00e9jour.","robots":{"index":"index","follow":"follow","max-snippet":"max-snippet:-1","max-image-preview":"max-image-preview:large","max-video-preview":"max-video-preview:-1"},"canonical":"https:\/\/lespepitesdebelleplagne.com\/en\/votre-pepite\/","og_locale":"en_GB","og_type":"article","og_title":"Votre p\u00e9pite Location Belle Plagne Les p\u00e9pites de belle Plagne","og_description":"D\u00e9couvrez notre collection d\u2019appartements, parmi les plus \u00e9l\u00e9gants appartements de Belle-Plagne et autres villages \u00e0 2050 m\u00e8tres d\u2019altitude dans une des plus belle station d\u2019Europe. Tous les logements de notre collection sont accompagn\u00e9s de notre service de conciergerie, pour vous offrir un tr\u00e8s haut niveau d\u2019exp\u00e9rience, tout au long de votre s\u00e9jour.","og_url":"https:\/\/lespepitesdebelleplagne.com\/en\/votre-pepite\/","og_site_name":"Les p\u00e9pites de belle Plagne","article_modified_time":"2024-02-18T13:39:32+00:00","og_image":[{"width":2560,"height":1920,"url":"https:\/\/lespepitesdebelleplagne.com\/wp-content\/uploads\/2024\/01\/WhatsApp-Image-2024-01-16-at-11.31.40-scaled.jpeg","type":"image\/jpeg"}],"twitter_card":"summary_large_image","schema":{"@context":"https:\/\/schema.org","@graph":[{"@type":"WebPage","@id":"https:\/\/lespepitesdebelleplagne.com\/votre-pepite\/","url":"https:\/\/lespepitesdebelleplagne.com\/votre-pepite\/","name":"Votre p\u00e9pite Location Belle Plagne Les p\u00e9pites de belle Plagne","isPartOf":{"@id":"https:\/\/lespepitesdebelleplagne.com\/#website"},"datePublished":"2024-02-18T13:20:37+00:00","dateModified":"2024-02-18T13:39:32+00:00","description":"D\u00e9couvrez notre collection d\u2019appartements, parmi les plus \u00e9l\u00e9gants appartements de Belle-Plagne et autres villages \u00e0 2050 m\u00e8tres d\u2019altitude dans une des plus belle station d\u2019Europe. Tous les logements de notre collection sont accompagn\u00e9s de notre service de conciergerie, pour vous offrir un tr\u00e8s haut niveau d\u2019exp\u00e9rience, tout au long de votre s\u00e9jour.","breadcrumb":{"@id":"https:\/\/lespepitesdebelleplagne.com\/votre-pepite\/#breadcrumb"},"inLanguage":"en-GB","potentialAction":[{"@type":"ReadAction","target":["https:\/\/lespepitesdebelleplagne.com\/votre-pepite\/"]}]},{"@type":"BreadcrumbList","@id":"https:\/\/lespepitesdebelleplagne.com\/votre-pepite\/#breadcrumb","itemListElement":[{"@type":"ListItem","position":1,"name":"Accueil","item":"https:\/\/lespepitesdebelleplagne.com\/"},{"@type":"ListItem","position":2,"name":"Votre p\u00e9pite"}]},{"@type":"WebSite","@id":"https:\/\/lespepitesdebelleplagne.com\/#website","url":"https:\/\/lespepitesdebelleplagne.com\/","name":"Les p\u00e9pites de belle Plagne","description":"D\u00e9couvrez notre collection d\u2019appartements, parmi les plus \u00e9l\u00e9gants appartements de Belle-Plagne et autres villages \u00e0 2050 m\u00e8tres d\u2019altitude dans une des plus belle station d\u2019Europe. Tous les logements de notre collection sont accompagn\u00e9s de notre service de conciergerie, pour vous offrir un tr\u00e8s haut niveau d\u2019exp\u00e9rience, tout au long de votre s\u00e9jour.","publisher":{"@id":"https:\/\/lespepitesdebelleplagne.com\/#organization"},"alternateName":"D\u00e9couvrez notre collection d\u2019appartements, parmi les plus \u00e9l\u00e9gants appartements de Belle-Plagne et autres villages \u00e0 2050 m\u00e8tres d\u2019altitude dans une des plus belle station d\u2019Europe. Tous les logements de notre collection sont accompagn\u00e9s de notre service de conciergerie, pour vous offrir un tr\u00e8s haut niveau d\u2019exp\u00e9rience, tout au long de votre s\u00e9jour.","potentialAction":[{"@type":"SearchAction","target":{"@type":"EntryPoint","urlTemplate":"https:\/\/lespepitesdebelleplagne.com\/?s={search_term_string}"},"query-input":{"@type":"PropertyValueSpecification","valueRequired":true,"valueName":"search_term_string"}}],"inLanguage":"en-GB"},{"@type":"Organization","@id":"https:\/\/lespepitesdebelleplagne.com\/#organization","name":"Les p\u00e9pites de belle Plagne","alternateName":"Location Belle Palgne","url":"https:\/\/lespepitesdebelleplagne.com\/","logo":{"@type":"ImageObject","inLanguage":"en-GB","@id":"https:\/\/lespepitesdebelleplagne.com\/#\/schema\/logo\/image\/","url":"https:\/\/lespepitesdebelleplagne.com\/wp-content\/uploads\/2023\/12\/LOGO-LAPLAGNE.jpeg","contentUrl":"https:\/\/lespepitesdebelleplagne.com\/wp-content\/uploads\/2023\/12\/LOGO-LAPLAGNE.jpeg","width":500,"height":500,"caption":"Les p\u00e9pites de belle Plagne"},"image":{"@id":"https:\/\/lespepitesdebelleplagne.com\/#\/schema\/logo\/image\/"}}]}},"_links":{"self":[{"href":"https:\/\/lespepitesdebelleplagne.com\/en\/wp-json\/wp\/v2\/pages\/6918","targetHints":{"allow":["GET"]}}],"collection":[{"href":"https:\/\/lespepitesdebelleplagne.com\/en\/wp-json\/wp\/v2\/pages"}],"about":[{"href":"https:\/\/lespepitesdebelleplagne.com\/en\/wp-json\/wp\/v2\/types\/page"}],"author":[{"embeddable":true,"href":"https:\/\/lespepitesdebelleplagne.com\/en\/wp-json\/wp\/v2\/users\/1"}],"replies":[{"embeddable":true,"href":"https:\/\/lespepitesdebelleplagne.com\/en\/wp-json\/wp\/v2\/comments?post=6918"}],"version-history":[{"count":30,"href":"https:\/\/lespepitesdebelleplagne.com\/en\/wp-json\/wp\/v2\/pages\/6918\/revisions"}],"predecessor-version":[{"id":6958,"href":"https:\/\/lespepitesdebelleplagne.com\/en\/wp-json\/wp\/v2\/pages\/6918\/revisions\/6958"}],"wp:attachment":[{"href":"https:\/\/lespepitesdebelleplagne.com\/en\/wp-json\/wp\/v2\/media?parent=6918"}],"curies":[{"name":"wp","href":"https:\/\/api.w.org\/{rel}","templated":true}]}}