{"id":3,"date":"2023-12-12T12:09:35","date_gmt":"2023-12-12T12:09:35","guid":{"rendered":"https:\/\/lespepitesdebelleplagne.com\/?page_id=3"},"modified":"2024-02-24T16:07:33","modified_gmt":"2024-02-24T15:07:33","slug":"mentions-legales","status":"publish","type":"page","link":"https:\/\/lespepitesdebelleplagne.com\/en\/mentions-legales\/","title":{"rendered":"MENTIONS LEGALES"},"content":{"rendered":"<h3 class=\"wp-block-heading\">I. MENTIONS LEGALES<\/h3>\r\n<p>Conform\u00e9ment aux dispositions de l\u2019article 6 III-1 de la loi n\u00b0 2004-575 du 21 juin 2004 pour la confiance dans l\u2019\u00e9conomie num\u00e9rique, nous vous informons des \u00e9l\u00e9ments suivants:<br \/><br \/><br \/><b>1.1 Identification de l\u2019\u00e9diteur du site<\/b><br \/><br \/><br \/>Soci\u00e9t\u00e9 AirBhappy \/ 8 rue du pont 95000 Neuville sur Oise. SA au capital de 5 000 \u20ac \u2013 890 400 880 R.C.S. Pontoise<br \/><br \/><br \/><b>1.2 Directeur de la publication :<\/b><br \/><br \/><br \/>Julien CARON<br \/><br \/><br \/><b>1.3. Identification de l\u2019h\u00e9bergeur du site<\/b><br \/><br \/><br \/>AirBhappy<br \/>8 rue du pont<br \/>95000 Neuville sur Oise<br \/>www.airbhappy.com<\/p>\r\n<h3>II. CONDITIONS G\u00c9N\u00c9RALES D\u2019UTILISATION DU SITE<\/h3>\r\n<p><b>2.1 Adh\u00e9sion<\/b><br \/><br \/><br \/>Les pr\u00e9sentes conditions g\u00e9n\u00e9rales d\u2019utilisation s\u2019appliquent \u00e0 tout internaute (d\u00e9nomm\u00e9 ci-apr\u00e8s \u00ab utilisateur \u00bb) consultant le site internet www.airbhappy.com \u00e9dit\u00e9 par la soci\u00e9t\u00e9 Airbhappy.<br \/>Il appartient \u00e0 chaque utilisateur de prendre connaissance attentivement des conditions g\u00e9n\u00e9rales avant tout acc\u00e8s aux pages contenues dans ce site. La consultation et l\u2019utilisation de ce site impliquent l\u2019acceptation sans r\u00e9serve des pr\u00e9sentes conditions g\u00e9n\u00e9rales d\u2019utilisation ainsi que le respect des dispositions l\u00e9gales en vigueur.<br \/>L\u2019utilisateur reconna\u00eet disposer de la comp\u00e9tence et des moyens n\u00e9cessaires pour acc\u00e9der et utiliser le site.<br \/><br \/><br \/>L\u2019utilisateur du site web \u00a0\u00bb www.airbhappy.com\u00a0\u00bb reconna\u00eet avoir v\u00e9rifi\u00e9 que la configuration informatique qu\u2019il utilise ne contient aucun virus et qu\u2019elle est en parfait \u00e9tat de fonctionnement.<br \/><br \/><br \/>L\u2019\u00e9diteur du site web met tout en \u0153uvre pour offrir aux utilisateurs des informations disponibles et v\u00e9rifi\u00e9es mais ne saurait \u00eatre tenu pour responsable des erreurs, d\u2019une absence de disponibilit\u00e9 des informations et\/ou de la pr\u00e9sence de virus sur son site.<br \/><br \/><br \/>Les informations fournies par l\u2019\u00e9diteur le sont \u00e0 titre indicatif et ne sauraient dispenser l\u2019utilisateur d\u2019une demande de devis compl\u00e9mentaire et personnalis\u00e9e aupr\u00e8s de la soci\u00e9t\u00e9 airbhappy.<br \/><br \/>L\u2019\u00e9diteur ne saurait garantir l\u2019exactitude, la compl\u00e9tude, l\u2019actualit\u00e9 des informations diffus\u00e9es sur son site.<br \/><br \/>En cons\u00e9quence, l\u2019utilisateur reconna\u00eet utiliser ces informations sous sa responsabilit\u00e9 exclusive.<br \/><br \/><br \/><b>2.2 Liens hypertextes<\/b><br \/><br \/><br \/>Afin de faciliter l\u2019acc\u00e8s \u00e0 d\u2019autres sites susceptibles d\u2019apporter un compl\u00e9ment d\u2019information, la soci\u00e9t\u00e9 Airbhappy a ins\u00e9r\u00e9 dans son site un certain nombre de liens hypertextes.<br \/>Toutefois, la responsabilit\u00e9 de la soci\u00e9t\u00e9 Airbhappy ne saurait \u00eatre engag\u00e9e au titre d\u2019un site tiers auquel l\u2019internaute a eu acc\u00e8s via ce site et pr\u00e9sentant des contenus illicites ou inexacts. En effet, la soci\u00e9t\u00e9 Airbhappy ne dispose d\u2019aucun moyen de contr\u00f4le du contenu des sites tiers. La d\u00e9cision d\u2019activer ces liens hypertextes appartient exclusivement aux utilisateurs.<br \/><br \/>Il est, par ailleurs, pr\u00e9cis\u00e9 que les utilisateurs et visiteurs du site de la soci\u00e9t\u00e9 Airbhappy ne peuvent mettre en place un lien hypertexte en direction du pr\u00e9sent site sans l\u2019autorisation expresse et pr\u00e9alable de l\u2019\u00e9diteur du site web.<br \/><br \/><br \/><b>2.3 Propri\u00e9t\u00e9 intellectuelle<\/b><br \/><br \/><br \/>Le site internet \u00e9dit\u00e9 par la soci\u00e9t\u00e9 Airbhappy et les composantes de celui-ci (donn\u00e9es, pages, logos, graphismes, photographies, animations sonores ou musicales, textes, expressions, d\u00e9nominations, code source, programmes informatiques, scripts, etc.) font l\u2019objet d\u2019une protection intellectuelle \u00e0 divers titres tels que droit d\u2019auteur, marques, dessins &amp; mod\u00e8les.<br \/>Toute utilisation par reproduction, modification, t\u00e9l\u00e9chargement, transmission ou autre proc\u00e9d\u00e9 d\u2019extraction et de duplication, est soumise \u00e0 autorisation \u00e9crite pr\u00e9alable de l\u2019\u00e9diteur. Seules les copies \u00e0 usage priv\u00e9 \u00e0 des fins non commerciales sont autoris\u00e9es sous r\u00e9serve du respect des droits de propri\u00e9t\u00e9 intellectuelle dont il est fait mention.<br \/>Les copyrights, marques commerciales et tous les autres droits de propri\u00e9t\u00e9 intellectuelle de la soci\u00e9t\u00e9 Airbhappy restent la propri\u00e9t\u00e9 exclusive de la soci\u00e9t\u00e9 Airbhappy ou, en cas de contenu fourni par des tiers, la propri\u00e9t\u00e9 de ceux-ci.<br \/><br \/>L\u2019utilisateur ne doit ni modifier, ni supprimer les symboles de copyright ou autres identifications ou informations concernant les droits d\u2019auteur ou autres titres de propri\u00e9t\u00e9.<br \/><br \/><br \/>Toute repr\u00e9sentation totale ou partielle de ce site par quelque personne (physique ou morale) que ce soit, sans l\u2019autorisation expresse de l\u2019\u00e9diteur du site, est interdite et constituerait une contrefa\u00e7on sanctionn\u00e9e par les articles L.335-2 et suivants du Code de la propri\u00e9t\u00e9 intellectuelle.<br \/><br \/><br \/><b>2.4 Cookies<\/b><br \/><br \/><br \/>L\u2019utilisateur est inform\u00e9, qu\u2019\u00e0 l\u2019occasion d\u2019une visite sur ce site, un cookie peut s\u2019installer automatiquement sur son logiciel de navigation.<br \/>Un cookie consiste en un bloc de donn\u00e9es qui permet d\u2019enregistrer des informations relatives \u00e0 la navigation de celui-ci sur ce site afin de proc\u00e9der \u00e0 des analyses de fr\u00e9quentation des sites et d\u2019en am\u00e9liorer la qualit\u00e9 et la pertinence.<br \/>Le param\u00e9trage du logiciel de navigation permet \u00e0 l\u2019utilisateur d\u2019\u00eatre inform\u00e9 de la pr\u00e9sence d\u2019un cookie, voire de le refuser. Il appartient \u00e0 l\u2019utilisateur de d\u00e9sactiver lui-m\u00eame les cookies depuis son logiciel de navigation (www.cnil.fr).<br \/><br \/><br \/><b>2.5 Protection des donn\u00e9es personnelles<\/b><br \/><br \/><br \/>La soci\u00e9t\u00e9 Airbhappy attache une importance toute particuli\u00e8re \u00e0 la protection des donn\u00e9es \u00e0 caract\u00e8re personnel et au respect des lois en vigueur dans ce domaine.<br \/>L\u2019utilisateur est inform\u00e9 que les informations communiqu\u00e9es par l\u2019utilisateur sur le site, sont n\u00e9cessaires pour r\u00e9pondre \u00e0 ses demandes et sont destin\u00e9es \u00e0 l\u2019\u00e9diteur du site, responsable du traitement \u00e0 des fins de gestion administrative et commerciale. Conform\u00e9ment aux dispositions des articles 38 et suivants de la loi du 6 janvier 1978, tout utilisateur justifiant de son identit\u00e9 peut exercer ses droits \u00e0 l\u2019information, d\u2019opposition, d\u2019interrogation, de retrait et de rectification des donn\u00e9es les concernant aupr\u00e8s du responsable du traitement.<br \/><br \/><br \/>Si vous souhaitez exercer ces droits, veuillez adresser votre demande par courrier aux coordonn\u00e9es de l\u2019\u00e9diteur figurant en t\u00eate de ce document ou \u00e0 l\u2019adresse mail suivante : contact@airbhappy.com<br \/>\u00a9 Copyright lespepitesdebelleplagne ,\u2013 contact@airbhappy.com T\u00e9l : 06 26 04 33 16<\/p>","protected":false},"excerpt":{"rendered":"<p>I. MENTIONS LEGALES Conform\u00e9ment aux dispositions de l\u2019article 6 III-1 de la loi n\u00b0 2004-575 du 21 juin 2004 pour la confiance dans l\u2019\u00e9conomie num\u00e9rique, nous vous informons des \u00e9l\u00e9ments suivants: 1.1 Identification de l\u2019\u00e9diteur du site Soci\u00e9t\u00e9 AirBhappy \/ 8 rue du pont 95000 Neuville sur Oise. SA au capital de 5 000 \u20ac [&hellip;]<\/p>\n","protected":false},"author":1,"featured_media":0,"parent":0,"menu_order":0,"comment_status":"closed","ping_status":"closed","template":"","meta":{"footnotes":""},"class_list":["post-3","page","type-page","status-publish","hentry"],"yoast_head":"<!-- This site is optimized with the Yoast SEO plugin v27.1.1 - https:\/\/yoast.com\/product\/yoast-seo-wordpress\/ -->\n<title>MENTIONS LEGALES Location Belle Plagne Les p\u00e9pites de belle Plagne<\/title>\n<meta name=\"description\" content=\"D\u00e9couvrez notre collection d\u2019appartements, parmi les plus \u00e9l\u00e9gants appartements de Belle-Plagne et autres villages \u00e0 2050 m\u00e8tres d\u2019altitude dans une des plus belle station d\u2019Europe. Tous les logements de notre collection sont accompagn\u00e9s de notre service de conciergerie, pour vous offrir un tr\u00e8s haut niveau d\u2019exp\u00e9rience, tout au long de votre s\u00e9jour.\" \/>\n<meta name=\"robots\" content=\"index, follow, max-snippet:-1, max-image-preview:large, max-video-preview:-1\" \/>\n<link rel=\"canonical\" href=\"https:\/\/lespepitesdebelleplagne.com\/en\/mentions-legales\/\" \/>\n<meta property=\"og:locale\" content=\"en_GB\" \/>\n<meta property=\"og:type\" content=\"article\" \/>\n<meta property=\"og:title\" content=\"MENTIONS LEGALES Location Belle Plagne Les p\u00e9pites de belle Plagne\" \/>\n<meta property=\"og:description\" content=\"D\u00e9couvrez notre collection d\u2019appartements, parmi les plus \u00e9l\u00e9gants appartements de Belle-Plagne et autres villages \u00e0 2050 m\u00e8tres d\u2019altitude dans une des plus belle station d\u2019Europe. Tous les logements de notre collection sont accompagn\u00e9s de notre service de conciergerie, pour vous offrir un tr\u00e8s haut niveau d\u2019exp\u00e9rience, tout au long de votre s\u00e9jour.\" \/>\n<meta property=\"og:url\" content=\"https:\/\/lespepitesdebelleplagne.com\/en\/mentions-legales\/\" \/>\n<meta property=\"og:site_name\" content=\"Les p\u00e9pites de belle Plagne\" \/>\n<meta property=\"article:modified_time\" content=\"2024-02-24T15:07:33+00:00\" \/>\n<meta property=\"og:image\" content=\"https:\/\/lespepitesdebelleplagne.com\/wp-content\/uploads\/2024\/01\/WhatsApp-Image-2024-01-16-at-11.31.40-scaled.jpeg\" \/>\n\t<meta property=\"og:image:width\" content=\"2560\" \/>\n\t<meta property=\"og:image:height\" content=\"1920\" \/>\n\t<meta property=\"og:image:type\" content=\"image\/jpeg\" \/>\n<meta name=\"twitter:card\" content=\"summary_large_image\" \/>\n<meta name=\"twitter:label1\" content=\"Estimated reading time\" \/>\n\t<meta name=\"twitter:data1\" content=\"5 minutes\" \/>\n<script type=\"application\/ld+json\" class=\"yoast-schema-graph\">{\"@context\":\"https:\/\/schema.org\",\"@graph\":[{\"@type\":\"WebPage\",\"@id\":\"https:\/\/lespepitesdebelleplagne.com\/mentions-legales\/\",\"url\":\"https:\/\/lespepitesdebelleplagne.com\/mentions-legales\/\",\"name\":\"MENTIONS LEGALES Location Belle Plagne Les p\u00e9pites de belle Plagne\",\"isPartOf\":{\"@id\":\"https:\/\/lespepitesdebelleplagne.com\/#website\"},\"datePublished\":\"2023-12-12T12:09:35+00:00\",\"dateModified\":\"2024-02-24T15:07:33+00:00\",\"description\":\"D\u00e9couvrez notre collection d\u2019appartements, parmi les plus \u00e9l\u00e9gants appartements de Belle-Plagne et autres villages \u00e0 2050 m\u00e8tres d\u2019altitude dans une des plus belle station d\u2019Europe. Tous les logements de notre collection sont accompagn\u00e9s de notre service de conciergerie, pour vous offrir un tr\u00e8s haut niveau d\u2019exp\u00e9rience, tout au long de votre s\u00e9jour.\",\"breadcrumb\":{\"@id\":\"https:\/\/lespepitesdebelleplagne.com\/mentions-legales\/#breadcrumb\"},\"inLanguage\":\"en-GB\",\"potentialAction\":[{\"@type\":\"ReadAction\",\"target\":[\"https:\/\/lespepitesdebelleplagne.com\/mentions-legales\/\"]}]},{\"@type\":\"BreadcrumbList\",\"@id\":\"https:\/\/lespepitesdebelleplagne.com\/mentions-legales\/#breadcrumb\",\"itemListElement\":[{\"@type\":\"ListItem\",\"position\":1,\"name\":\"Accueil\",\"item\":\"https:\/\/lespepitesdebelleplagne.com\/\"},{\"@type\":\"ListItem\",\"position\":2,\"name\":\"MENTIONS LEGALES\"}]},{\"@type\":\"WebSite\",\"@id\":\"https:\/\/lespepitesdebelleplagne.com\/#website\",\"url\":\"https:\/\/lespepitesdebelleplagne.com\/\",\"name\":\"Les p\u00e9pites de belle Plagne\",\"description\":\"D\u00e9couvrez notre collection d\u2019appartements, parmi les plus \u00e9l\u00e9gants appartements de Belle-Plagne et autres villages \u00e0 2050 m\u00e8tres d\u2019altitude dans une des plus belle station d\u2019Europe. Tous les logements de notre collection sont accompagn\u00e9s de notre service de conciergerie, pour vous offrir un tr\u00e8s haut niveau d\u2019exp\u00e9rience, tout au long de votre s\u00e9jour.\",\"publisher\":{\"@id\":\"https:\/\/lespepitesdebelleplagne.com\/#organization\"},\"alternateName\":\"D\u00e9couvrez notre collection d\u2019appartements, parmi les plus \u00e9l\u00e9gants appartements de Belle-Plagne et autres villages \u00e0 2050 m\u00e8tres d\u2019altitude dans une des plus belle station d\u2019Europe. Tous les logements de notre collection sont accompagn\u00e9s de notre service de conciergerie, pour vous offrir un tr\u00e8s haut niveau d\u2019exp\u00e9rience, tout au long de votre s\u00e9jour.\",\"potentialAction\":[{\"@type\":\"SearchAction\",\"target\":{\"@type\":\"EntryPoint\",\"urlTemplate\":\"https:\/\/lespepitesdebelleplagne.com\/?s={search_term_string}\"},\"query-input\":{\"@type\":\"PropertyValueSpecification\",\"valueRequired\":true,\"valueName\":\"search_term_string\"}}],\"inLanguage\":\"en-GB\"},{\"@type\":\"Organization\",\"@id\":\"https:\/\/lespepitesdebelleplagne.com\/#organization\",\"name\":\"Les p\u00e9pites de belle Plagne\",\"alternateName\":\"Location Belle Palgne\",\"url\":\"https:\/\/lespepitesdebelleplagne.com\/\",\"logo\":{\"@type\":\"ImageObject\",\"inLanguage\":\"en-GB\",\"@id\":\"https:\/\/lespepitesdebelleplagne.com\/#\/schema\/logo\/image\/\",\"url\":\"https:\/\/lespepitesdebelleplagne.com\/wp-content\/uploads\/2023\/12\/LOGO-LAPLAGNE.jpeg\",\"contentUrl\":\"https:\/\/lespepitesdebelleplagne.com\/wp-content\/uploads\/2023\/12\/LOGO-LAPLAGNE.jpeg\",\"width\":500,\"height\":500,\"caption\":\"Les p\u00e9pites de belle Plagne\"},\"image\":{\"@id\":\"https:\/\/lespepitesdebelleplagne.com\/#\/schema\/logo\/image\/\"}}]}<\/script>\n<!-- \/ Yoast SEO plugin. -->","yoast_head_json":{"title":"MENTIONS LEGALES Location Belle Plagne Les p\u00e9pites de belle Plagne","description":"D\u00e9couvrez notre collection d\u2019appartements, parmi les plus \u00e9l\u00e9gants appartements de Belle-Plagne et autres villages \u00e0 2050 m\u00e8tres d\u2019altitude dans une des plus belle station d\u2019Europe. Tous les logements de notre collection sont accompagn\u00e9s de notre service de conciergerie, pour vous offrir un tr\u00e8s haut niveau d\u2019exp\u00e9rience, tout au long de votre s\u00e9jour.","robots":{"index":"index","follow":"follow","max-snippet":"max-snippet:-1","max-image-preview":"max-image-preview:large","max-video-preview":"max-video-preview:-1"},"canonical":"https:\/\/lespepitesdebelleplagne.com\/en\/mentions-legales\/","og_locale":"en_GB","og_type":"article","og_title":"MENTIONS LEGALES Location Belle Plagne Les p\u00e9pites de belle Plagne","og_description":"D\u00e9couvrez notre collection d\u2019appartements, parmi les plus \u00e9l\u00e9gants appartements de Belle-Plagne et autres villages \u00e0 2050 m\u00e8tres d\u2019altitude dans une des plus belle station d\u2019Europe. Tous les logements de notre collection sont accompagn\u00e9s de notre service de conciergerie, pour vous offrir un tr\u00e8s haut niveau d\u2019exp\u00e9rience, tout au long de votre s\u00e9jour.","og_url":"https:\/\/lespepitesdebelleplagne.com\/en\/mentions-legales\/","og_site_name":"Les p\u00e9pites de belle Plagne","article_modified_time":"2024-02-24T15:07:33+00:00","og_image":[{"width":2560,"height":1920,"url":"https:\/\/lespepitesdebelleplagne.com\/wp-content\/uploads\/2024\/01\/WhatsApp-Image-2024-01-16-at-11.31.40-scaled.jpeg","type":"image\/jpeg"}],"twitter_card":"summary_large_image","twitter_misc":{"Estimated reading time":"5 minutes"},"schema":{"@context":"https:\/\/schema.org","@graph":[{"@type":"WebPage","@id":"https:\/\/lespepitesdebelleplagne.com\/mentions-legales\/","url":"https:\/\/lespepitesdebelleplagne.com\/mentions-legales\/","name":"MENTIONS LEGALES Location Belle Plagne Les p\u00e9pites de belle Plagne","isPartOf":{"@id":"https:\/\/lespepitesdebelleplagne.com\/#website"},"datePublished":"2023-12-12T12:09:35+00:00","dateModified":"2024-02-24T15:07:33+00:00","description":"D\u00e9couvrez notre collection d\u2019appartements, parmi les plus \u00e9l\u00e9gants appartements de Belle-Plagne et autres villages \u00e0 2050 m\u00e8tres d\u2019altitude dans une des plus belle station d\u2019Europe. Tous les logements de notre collection sont accompagn\u00e9s de notre service de conciergerie, pour vous offrir un tr\u00e8s haut niveau d\u2019exp\u00e9rience, tout au long de votre s\u00e9jour.","breadcrumb":{"@id":"https:\/\/lespepitesdebelleplagne.com\/mentions-legales\/#breadcrumb"},"inLanguage":"en-GB","potentialAction":[{"@type":"ReadAction","target":["https:\/\/lespepitesdebelleplagne.com\/mentions-legales\/"]}]},{"@type":"BreadcrumbList","@id":"https:\/\/lespepitesdebelleplagne.com\/mentions-legales\/#breadcrumb","itemListElement":[{"@type":"ListItem","position":1,"name":"Accueil","item":"https:\/\/lespepitesdebelleplagne.com\/"},{"@type":"ListItem","position":2,"name":"MENTIONS LEGALES"}]},{"@type":"WebSite","@id":"https:\/\/lespepitesdebelleplagne.com\/#website","url":"https:\/\/lespepitesdebelleplagne.com\/","name":"Les p\u00e9pites de belle Plagne","description":"D\u00e9couvrez notre collection d\u2019appartements, parmi les plus \u00e9l\u00e9gants appartements de Belle-Plagne et autres villages \u00e0 2050 m\u00e8tres d\u2019altitude dans une des plus belle station d\u2019Europe. Tous les logements de notre collection sont accompagn\u00e9s de notre service de conciergerie, pour vous offrir un tr\u00e8s haut niveau d\u2019exp\u00e9rience, tout au long de votre s\u00e9jour.","publisher":{"@id":"https:\/\/lespepitesdebelleplagne.com\/#organization"},"alternateName":"D\u00e9couvrez notre collection d\u2019appartements, parmi les plus \u00e9l\u00e9gants appartements de Belle-Plagne et autres villages \u00e0 2050 m\u00e8tres d\u2019altitude dans une des plus belle station d\u2019Europe. Tous les logements de notre collection sont accompagn\u00e9s de notre service de conciergerie, pour vous offrir un tr\u00e8s haut niveau d\u2019exp\u00e9rience, tout au long de votre s\u00e9jour.","potentialAction":[{"@type":"SearchAction","target":{"@type":"EntryPoint","urlTemplate":"https:\/\/lespepitesdebelleplagne.com\/?s={search_term_string}"},"query-input":{"@type":"PropertyValueSpecification","valueRequired":true,"valueName":"search_term_string"}}],"inLanguage":"en-GB"},{"@type":"Organization","@id":"https:\/\/lespepitesdebelleplagne.com\/#organization","name":"Les p\u00e9pites de belle Plagne","alternateName":"Location Belle Palgne","url":"https:\/\/lespepitesdebelleplagne.com\/","logo":{"@type":"ImageObject","inLanguage":"en-GB","@id":"https:\/\/lespepitesdebelleplagne.com\/#\/schema\/logo\/image\/","url":"https:\/\/lespepitesdebelleplagne.com\/wp-content\/uploads\/2023\/12\/LOGO-LAPLAGNE.jpeg","contentUrl":"https:\/\/lespepitesdebelleplagne.com\/wp-content\/uploads\/2023\/12\/LOGO-LAPLAGNE.jpeg","width":500,"height":500,"caption":"Les p\u00e9pites de belle Plagne"},"image":{"@id":"https:\/\/lespepitesdebelleplagne.com\/#\/schema\/logo\/image\/"}}]}},"_links":{"self":[{"href":"https:\/\/lespepitesdebelleplagne.com\/en\/wp-json\/wp\/v2\/pages\/3","targetHints":{"allow":["GET"]}}],"collection":[{"href":"https:\/\/lespepitesdebelleplagne.com\/en\/wp-json\/wp\/v2\/pages"}],"about":[{"href":"https:\/\/lespepitesdebelleplagne.com\/en\/wp-json\/wp\/v2\/types\/page"}],"author":[{"embeddable":true,"href":"https:\/\/lespepitesdebelleplagne.com\/en\/wp-json\/wp\/v2\/users\/1"}],"replies":[{"embeddable":true,"href":"https:\/\/lespepitesdebelleplagne.com\/en\/wp-json\/wp\/v2\/comments?post=3"}],"version-history":[{"count":2,"href":"https:\/\/lespepitesdebelleplagne.com\/en\/wp-json\/wp\/v2\/pages\/3\/revisions"}],"predecessor-version":[{"id":7068,"href":"https:\/\/lespepitesdebelleplagne.com\/en\/wp-json\/wp\/v2\/pages\/3\/revisions\/7068"}],"wp:attachment":[{"href":"https:\/\/lespepitesdebelleplagne.com\/en\/wp-json\/wp\/v2\/media?parent=3"}],"curies":[{"name":"wp","href":"https:\/\/api.w.org\/{rel}","templated":true}]}}