{"id":1340,"date":"2018-10-25T17:34:23","date_gmt":"2018-10-25T17:34:23","guid":{"rendered":"http:\/\/demo03.gethomey.io\/?page_id=1340"},"modified":"2026-01-22T15:46:45","modified_gmt":"2026-01-22T14:46:45","slug":"contact-us","status":"publish","type":"page","link":"https:\/\/lespepitesdebelleplagne.com\/en\/contact-us\/","title":{"rendered":"Contact us"},"content":{"rendered":"\t\t<div data-elementor-type=\"wp-page\" data-elementor-id=\"1340\" class=\"elementor elementor-1340\">\n\t\t\t\t\t\t<section class=\"elementor-section elementor-top-section elementor-element elementor-element-5c04b0b4 elementor-section-boxed elementor-section-height-default elementor-section-height-default\" data-id=\"5c04b0b4\" data-element_type=\"section\">\n\t\t\t\t\t\t<div class=\"elementor-container elementor-column-gap-default\">\n\t\t\t\t\t<div class=\"elementor-column elementor-col-100 elementor-top-column elementor-element elementor-element-be452c0\" data-id=\"be452c0\" data-element_type=\"column\">\n\t\t\t<div class=\"elementor-widget-wrap elementor-element-populated\">\n\t\t\t\t\t\t<div class=\"elementor-element elementor-element-47a2b7a2 elementor-widget elementor-widget-spacer\" data-id=\"47a2b7a2\" data-element_type=\"widget\" data-widget_type=\"spacer.default\">\n\t\t\t\t<div class=\"elementor-widget-container\">\n\t\t\t<style>\/*! elementor - v3.23.0 - 05-08-2024 *\/\n.elementor-column .elementor-spacer-inner{height:var(--spacer-size)}.e-con{--container-widget-width:100%}.e-con-inner>.elementor-widget-spacer,.e-con>.elementor-widget-spacer{width:var(--container-widget-width,var(--spacer-size));--align-self:var(--container-widget-align-self,initial);--flex-shrink:0}.e-con-inner>.elementor-widget-spacer>.elementor-widget-container,.e-con>.elementor-widget-spacer>.elementor-widget-container{height:100%;width:100%}.e-con-inner>.elementor-widget-spacer>.elementor-widget-container>.elementor-spacer,.e-con>.elementor-widget-spacer>.elementor-widget-container>.elementor-spacer{height:100%}.e-con-inner>.elementor-widget-spacer>.elementor-widget-container>.elementor-spacer>.elementor-spacer-inner,.e-con>.elementor-widget-spacer>.elementor-widget-container>.elementor-spacer>.elementor-spacer-inner{height:var(--container-widget-height,var(--spacer-size))}.e-con-inner>.elementor-widget-spacer.elementor-widget-empty,.e-con>.elementor-widget-spacer.elementor-widget-empty{position:relative;min-height:22px;min-width:22px}.e-con-inner>.elementor-widget-spacer.elementor-widget-empty .elementor-widget-empty-icon,.e-con>.elementor-widget-spacer.elementor-widget-empty .elementor-widget-empty-icon{position:absolute;top:0;bottom:0;left:0;right:0;margin:auto;padding:0;width:22px;height:22px}<\/style>\t\t<div class=\"elementor-spacer\">\n\t\t\t<div class=\"elementor-spacer-inner\"><\/div>\n\t\t<\/div>\n\t\t\t\t<\/div>\n\t\t\t\t<\/div>\n\t\t\t\t\t<\/div>\n\t\t<\/div>\n\t\t\t\t\t<\/div>\n\t\t<\/section>\n\t\t\t\t<section class=\"elementor-section elementor-top-section elementor-element elementor-element-72e3b138 elementor-section-full_width elementor-section-height-default elementor-section-height-default\" data-id=\"72e3b138\" data-element_type=\"section\" data-settings=\"{&quot;background_background&quot;:&quot;slideshow&quot;,&quot;background_slideshow_gallery&quot;:[{&quot;id&quot;:3662,&quot;url&quot;:&quot;https:\\\/\\\/lespepitesdebelleplagne.com\\\/wp-content\\\/uploads\\\/2023\\\/12\\\/pourquoi-neigle-est-blanche-couv.jpeg&quot;}],&quot;background_slideshow_slide_duration&quot;:5000,&quot;background_slideshow_slide_transition&quot;:&quot;fade&quot;,&quot;background_slideshow_transition_duration&quot;:500}\">\n\t\t\t\t\t\t\t<div class=\"elementor-background-overlay\"><\/div>\n\t\t\t\t\t\t\t<div class=\"elementor-container elementor-column-gap-wider\">\n\t\t\t\t\t<div class=\"elementor-column elementor-col-50 elementor-top-column elementor-element elementor-element-360f1a1\" data-id=\"360f1a1\" data-element_type=\"column\" data-settings=\"{&quot;background_background&quot;:&quot;classic&quot;}\">\n\t\t\t<div class=\"elementor-widget-wrap elementor-element-populated\">\n\t\t\t\t\t\t<div class=\"elementor-element elementor-element-98d6049 elementor-widget elementor-widget-text-editor\" data-id=\"98d6049\" data-element_type=\"widget\" data-widget_type=\"text-editor.default\">\n\t\t\t\t<div class=\"elementor-widget-container\">\n\t\t\t<style>\/*! elementor - v3.23.0 - 05-08-2024 *\/\n.elementor-widget-text-editor.elementor-drop-cap-view-stacked .elementor-drop-cap{background-color:#69727d;color:#fff}.elementor-widget-text-editor.elementor-drop-cap-view-framed .elementor-drop-cap{color:#69727d;border:3px solid;background-color:transparent}.elementor-widget-text-editor:not(.elementor-drop-cap-view-default) .elementor-drop-cap{margin-top:8px}.elementor-widget-text-editor:not(.elementor-drop-cap-view-default) .elementor-drop-cap-letter{width:1em;height:1em}.elementor-widget-text-editor .elementor-drop-cap{float:left;text-align:center;line-height:1;font-size:50px}.elementor-widget-text-editor .elementor-drop-cap-letter{display:inline-block}<\/style>\t\t\t\t<p><span style=\"color: #000000; font-size: 14pt;\"><img decoding=\"async\" class=\"alignnone  wp-image-7201\" src=\"https:\/\/lespepitesdebelleplagne.com\/wp-content\/uploads\/2026\/01\/logopeptite-300x300.png\" alt=\"\" width=\"178\" height=\"178\" srcset=\"https:\/\/lespepitesdebelleplagne.com\/wp-content\/uploads\/2026\/01\/logopeptite-300x300.png 300w, https:\/\/lespepitesdebelleplagne.com\/wp-content\/uploads\/2026\/01\/logopeptite-1024x1024.png 1024w, https:\/\/lespepitesdebelleplagne.com\/wp-content\/uploads\/2026\/01\/logopeptite-150x150.png 150w, https:\/\/lespepitesdebelleplagne.com\/wp-content\/uploads\/2026\/01\/logopeptite-768x768.png 768w, https:\/\/lespepitesdebelleplagne.com\/wp-content\/uploads\/2026\/01\/logopeptite-1536x1536.png 1536w, https:\/\/lespepitesdebelleplagne.com\/wp-content\/uploads\/2026\/01\/logopeptite-12x12.png 12w, https:\/\/lespepitesdebelleplagne.com\/wp-content\/uploads\/2026\/01\/logopeptite-570x570.png 570w, https:\/\/lespepitesdebelleplagne.com\/wp-content\/uploads\/2026\/01\/logopeptite-285x285.png 285w, https:\/\/lespepitesdebelleplagne.com\/wp-content\/uploads\/2026\/01\/logopeptite-250x250.png 250w, https:\/\/lespepitesdebelleplagne.com\/wp-content\/uploads\/2026\/01\/logopeptite-500x500.png 500w, https:\/\/lespepitesdebelleplagne.com\/wp-content\/uploads\/2026\/01\/logopeptite-360x360.png 360w, https:\/\/lespepitesdebelleplagne.com\/wp-content\/uploads\/2026\/01\/logopeptite.png 1563w\" sizes=\"(max-width: 178px) 100vw, 178px\" \/><\/span><\/p><p><span style=\"color: #000000; font-size: 14pt;\"><span id=\"OBJ_PREFIX_DWT7693_com_zimbra_phone\" class=\"Object\" role=\"link\"><a style=\"color: #000000;\">06 26 04 33 16<\/a><\/span>\u00a0<\/span><\/p><p style=\"text-align: center;\"><span style=\"color: #000000; font-size: 14pt;\"><a style=\"color: #000000;\" href=\"mailto:contact@kiwikey.fr\">contact@kikiwey.fr<\/a><\/span><\/p><p>\u00a0<\/p>\t\t\t\t\t\t<\/div>\n\t\t\t\t<\/div>\n\t\t\t\t\t<\/div>\n\t\t<\/div>\n\t\t\t\t<div class=\"elementor-column elementor-col-50 elementor-top-column elementor-element elementor-element-c29f2e0\" data-id=\"c29f2e0\" data-element_type=\"column\" data-settings=\"{&quot;background_background&quot;:&quot;classic&quot;}\">\n\t\t\t<div class=\"elementor-widget-wrap elementor-element-populated\">\n\t\t\t\t\t\t<div class=\"elementor-element elementor-element-3aca8e3b elementor-widget elementor-widget-shortcode\" data-id=\"3aca8e3b\" data-element_type=\"widget\" data-widget_type=\"shortcode.default\">\n\t\t\t\t<div class=\"elementor-widget-container\">\n\t\t\t\t\t<div class=\"elementor-shortcode\">\n<div class=\"wpcf7 no-js\" id=\"wpcf7-f1343-o1\" lang=\"en-US\" dir=\"ltr\" data-wpcf7-id=\"1343\">\n<div class=\"screen-reader-response\"><p role=\"status\" aria-live=\"polite\" aria-atomic=\"true\"><\/p> <ul><\/ul><\/div>\n<form action=\"\/en\/wp-json\/wp\/v2\/pages\/1340#wpcf7-f1343-o1\" method=\"post\" class=\"wpcf7-form init\" aria-label=\"Contact form\" novalidate=\"novalidate\" data-status=\"init\">\n<fieldset class=\"hidden-fields-container\"><input type=\"hidden\" name=\"_wpcf7\" value=\"1343\" \/><input type=\"hidden\" name=\"_wpcf7_version\" value=\"6.1.5\" \/><input type=\"hidden\" name=\"_wpcf7_locale\" value=\"en_US\" \/><input type=\"hidden\" name=\"_wpcf7_unit_tag\" value=\"wpcf7-f1343-o1\" \/><input type=\"hidden\" name=\"_wpcf7_container_post\" value=\"0\" \/><input type=\"hidden\" name=\"_wpcf7_posted_data_hash\" value=\"\" \/>\n<\/fieldset>\n<div class=\"form-group\">\n\t<p><label class=\"required\" for=\"yourName\">Votre nom<\/label><br \/>\n<span class=\"wpcf7-form-control-wrap\" data-name=\"your-name\"><input size=\"40\" maxlength=\"400\" class=\"wpcf7-form-control wpcf7-text wpcf7-validates-as-required form-control\" aria-required=\"true\" aria-invalid=\"false\" value=\"\" type=\"text\" name=\"your-name\" \/><\/span>\n\t<\/p>\n<\/div>\n<div class=\"form-group\">\n\t<p><label class=\"required\" for=\"yourEmail\">Votre email<\/label><br \/>\n<span class=\"wpcf7-form-control-wrap\" data-name=\"your-email\"><input size=\"40\" maxlength=\"400\" class=\"wpcf7-form-control wpcf7-email wpcf7-validates-as-required wpcf7-text wpcf7-validates-as-email form-control\" aria-required=\"true\" aria-invalid=\"false\" value=\"\" type=\"email\" name=\"your-email\" \/><\/span>\n\t<\/p>\n<\/div>\n<div class=\"form-group\">\n\t<p><label class=\"required\" for=\"yourMessage\">Votre message <\/label><br \/>\n<span class=\"wpcf7-form-control-wrap\" data-name=\"your-message\"><textarea cols=\"40\" rows=\"10\" maxlength=\"2000\" class=\"wpcf7-form-control wpcf7-textarea wpcf7-validates-as-required form-control\" aria-required=\"true\" aria-invalid=\"false\" name=\"your-message\"><\/textarea><\/span>\n\t<\/p>\n<\/div>\n<p><input class=\"wpcf7-form-control wpcf7-submit has-spinner btn btn-primary\" type=\"submit\" value=\"Envoyer\" \/>\n<\/p><div class=\"wpcf7-response-output\" aria-hidden=\"true\"><\/div>\n<\/form>\n<\/div>\n<\/div>\n\t\t\t\t<\/div>\n\t\t\t\t<\/div>\n\t\t\t\t\t<\/div>\n\t\t<\/div>\n\t\t\t\t\t<\/div>\n\t\t<\/section>\n\t\t\t\t<\/div>\n\t\t","protected":false},"excerpt":{"rendered":"<p>06 26 04 33 16\u00a0 contact@kikiwey.fr \u00a0<\/p>","protected":false},"author":1,"featured_media":0,"parent":0,"menu_order":0,"comment_status":"closed","ping_status":"closed","template":"elementor_header_footer","meta":{"footnotes":""},"class_list":["post-1340","page","type-page","status-publish","hentry"],"yoast_head":"<!-- This site is optimized with the Yoast SEO plugin v27.1.1 - https:\/\/yoast.com\/product\/yoast-seo-wordpress\/ -->\n<title>Contact us Location Belle Plagne Les p\u00e9pites de belle Plagne<\/title>\n<meta name=\"description\" content=\"D\u00e9couvrez notre collection d\u2019appartements, parmi les plus \u00e9l\u00e9gants appartements de Belle-Plagne et autres villages \u00e0 2050 m\u00e8tres d\u2019altitude dans une des plus belle station d\u2019Europe. Tous les logements de notre collection sont accompagn\u00e9s de notre service de conciergerie, pour vous offrir un tr\u00e8s haut niveau d\u2019exp\u00e9rience, tout au long de votre s\u00e9jour.\" \/>\n<meta name=\"robots\" content=\"index, follow, max-snippet:-1, max-image-preview:large, max-video-preview:-1\" \/>\n<link rel=\"canonical\" href=\"https:\/\/lespepitesdebelleplagne.com\/en\/contact-us\/\" \/>\n<meta property=\"og:locale\" content=\"en_GB\" \/>\n<meta property=\"og:type\" content=\"article\" \/>\n<meta property=\"og:title\" content=\"Contact us Location Belle Plagne Les p\u00e9pites de belle Plagne\" \/>\n<meta property=\"og:description\" content=\"D\u00e9couvrez notre collection d\u2019appartements, parmi les plus \u00e9l\u00e9gants appartements de Belle-Plagne et autres villages \u00e0 2050 m\u00e8tres d\u2019altitude dans une des plus belle station d\u2019Europe. Tous les logements de notre collection sont accompagn\u00e9s de notre service de conciergerie, pour vous offrir un tr\u00e8s haut niveau d\u2019exp\u00e9rience, tout au long de votre s\u00e9jour.\" \/>\n<meta property=\"og:url\" content=\"https:\/\/lespepitesdebelleplagne.com\/en\/contact-us\/\" \/>\n<meta property=\"og:site_name\" content=\"Les p\u00e9pites de belle Plagne\" \/>\n<meta property=\"article:modified_time\" content=\"2026-01-22T14:46:45+00:00\" \/>\n<meta property=\"og:image\" content=\"https:\/\/lespepitesdebelleplagne.com\/wp-content\/uploads\/2026\/01\/logopeptite.png\" \/>\n\t<meta property=\"og:image:width\" content=\"1563\" \/>\n\t<meta property=\"og:image:height\" content=\"1563\" \/>\n\t<meta property=\"og:image:type\" content=\"image\/png\" \/>\n<meta name=\"twitter:card\" content=\"summary_large_image\" \/>\n<meta name=\"twitter:label1\" content=\"Estimated reading time\" \/>\n\t<meta name=\"twitter:data1\" content=\"1 minute\" \/>\n<script type=\"application\/ld+json\" class=\"yoast-schema-graph\">{\"@context\":\"https:\/\/schema.org\",\"@graph\":[{\"@type\":\"WebPage\",\"@id\":\"https:\/\/lespepitesdebelleplagne.com\/contact-us\/\",\"url\":\"https:\/\/lespepitesdebelleplagne.com\/contact-us\/\",\"name\":\"Contact us Location Belle Plagne Les p\u00e9pites de belle Plagne\",\"isPartOf\":{\"@id\":\"https:\/\/lespepitesdebelleplagne.com\/#website\"},\"primaryImageOfPage\":{\"@id\":\"https:\/\/lespepitesdebelleplagne.com\/contact-us\/#primaryimage\"},\"image\":{\"@id\":\"https:\/\/lespepitesdebelleplagne.com\/contact-us\/#primaryimage\"},\"thumbnailUrl\":\"https:\/\/lespepitesdebelleplagne.com\/wp-content\/uploads\/2026\/01\/logopeptite-300x300.png\",\"datePublished\":\"2018-10-25T17:34:23+00:00\",\"dateModified\":\"2026-01-22T14:46:45+00:00\",\"description\":\"D\u00e9couvrez notre collection d\u2019appartements, parmi les plus \u00e9l\u00e9gants appartements de Belle-Plagne et autres villages \u00e0 2050 m\u00e8tres d\u2019altitude dans une des plus belle station d\u2019Europe. Tous les logements de notre collection sont accompagn\u00e9s de notre service de conciergerie, pour vous offrir un tr\u00e8s haut niveau d\u2019exp\u00e9rience, tout au long de votre s\u00e9jour.\",\"breadcrumb\":{\"@id\":\"https:\/\/lespepitesdebelleplagne.com\/contact-us\/#breadcrumb\"},\"inLanguage\":\"en-GB\",\"potentialAction\":[{\"@type\":\"ReadAction\",\"target\":[\"https:\/\/lespepitesdebelleplagne.com\/contact-us\/\"]}]},{\"@type\":\"ImageObject\",\"inLanguage\":\"en-GB\",\"@id\":\"https:\/\/lespepitesdebelleplagne.com\/contact-us\/#primaryimage\",\"url\":\"https:\/\/lespepitesdebelleplagne.com\/wp-content\/uploads\/2026\/01\/logopeptite-300x300.png\",\"contentUrl\":\"https:\/\/lespepitesdebelleplagne.com\/wp-content\/uploads\/2026\/01\/logopeptite-300x300.png\"},{\"@type\":\"BreadcrumbList\",\"@id\":\"https:\/\/lespepitesdebelleplagne.com\/contact-us\/#breadcrumb\",\"itemListElement\":[{\"@type\":\"ListItem\",\"position\":1,\"name\":\"Accueil\",\"item\":\"https:\/\/lespepitesdebelleplagne.com\/\"},{\"@type\":\"ListItem\",\"position\":2,\"name\":\"Contact us\"}]},{\"@type\":\"WebSite\",\"@id\":\"https:\/\/lespepitesdebelleplagne.com\/#website\",\"url\":\"https:\/\/lespepitesdebelleplagne.com\/\",\"name\":\"Les p\u00e9pites de belle Plagne\",\"description\":\"D\u00e9couvrez notre collection d\u2019appartements, parmi les plus \u00e9l\u00e9gants appartements de Belle-Plagne et autres villages \u00e0 2050 m\u00e8tres d\u2019altitude dans une des plus belle station d\u2019Europe. Tous les logements de notre collection sont accompagn\u00e9s de notre service de conciergerie, pour vous offrir un tr\u00e8s haut niveau d\u2019exp\u00e9rience, tout au long de votre s\u00e9jour.\",\"publisher\":{\"@id\":\"https:\/\/lespepitesdebelleplagne.com\/#organization\"},\"alternateName\":\"D\u00e9couvrez notre collection d\u2019appartements, parmi les plus \u00e9l\u00e9gants appartements de Belle-Plagne et autres villages \u00e0 2050 m\u00e8tres d\u2019altitude dans une des plus belle station d\u2019Europe. Tous les logements de notre collection sont accompagn\u00e9s de notre service de conciergerie, pour vous offrir un tr\u00e8s haut niveau d\u2019exp\u00e9rience, tout au long de votre s\u00e9jour.\",\"potentialAction\":[{\"@type\":\"SearchAction\",\"target\":{\"@type\":\"EntryPoint\",\"urlTemplate\":\"https:\/\/lespepitesdebelleplagne.com\/?s={search_term_string}\"},\"query-input\":{\"@type\":\"PropertyValueSpecification\",\"valueRequired\":true,\"valueName\":\"search_term_string\"}}],\"inLanguage\":\"en-GB\"},{\"@type\":\"Organization\",\"@id\":\"https:\/\/lespepitesdebelleplagne.com\/#organization\",\"name\":\"Les p\u00e9pites de belle Plagne\",\"alternateName\":\"Location Belle Palgne\",\"url\":\"https:\/\/lespepitesdebelleplagne.com\/\",\"logo\":{\"@type\":\"ImageObject\",\"inLanguage\":\"en-GB\",\"@id\":\"https:\/\/lespepitesdebelleplagne.com\/#\/schema\/logo\/image\/\",\"url\":\"https:\/\/lespepitesdebelleplagne.com\/wp-content\/uploads\/2023\/12\/LOGO-LAPLAGNE.jpeg\",\"contentUrl\":\"https:\/\/lespepitesdebelleplagne.com\/wp-content\/uploads\/2023\/12\/LOGO-LAPLAGNE.jpeg\",\"width\":500,\"height\":500,\"caption\":\"Les p\u00e9pites de belle Plagne\"},\"image\":{\"@id\":\"https:\/\/lespepitesdebelleplagne.com\/#\/schema\/logo\/image\/\"}}]}<\/script>\n<!-- \/ Yoast SEO plugin. -->","yoast_head_json":{"title":"Contact us Location Belle Plagne Les p\u00e9pites de belle Plagne","description":"D\u00e9couvrez notre collection d\u2019appartements, parmi les plus \u00e9l\u00e9gants appartements de Belle-Plagne et autres villages \u00e0 2050 m\u00e8tres d\u2019altitude dans une des plus belle station d\u2019Europe. Tous les logements de notre collection sont accompagn\u00e9s de notre service de conciergerie, pour vous offrir un tr\u00e8s haut niveau d\u2019exp\u00e9rience, tout au long de votre s\u00e9jour.","robots":{"index":"index","follow":"follow","max-snippet":"max-snippet:-1","max-image-preview":"max-image-preview:large","max-video-preview":"max-video-preview:-1"},"canonical":"https:\/\/lespepitesdebelleplagne.com\/en\/contact-us\/","og_locale":"en_GB","og_type":"article","og_title":"Contact us Location Belle Plagne Les p\u00e9pites de belle Plagne","og_description":"D\u00e9couvrez notre collection d\u2019appartements, parmi les plus \u00e9l\u00e9gants appartements de Belle-Plagne et autres villages \u00e0 2050 m\u00e8tres d\u2019altitude dans une des plus belle station d\u2019Europe. Tous les logements de notre collection sont accompagn\u00e9s de notre service de conciergerie, pour vous offrir un tr\u00e8s haut niveau d\u2019exp\u00e9rience, tout au long de votre s\u00e9jour.","og_url":"https:\/\/lespepitesdebelleplagne.com\/en\/contact-us\/","og_site_name":"Les p\u00e9pites de belle Plagne","article_modified_time":"2026-01-22T14:46:45+00:00","og_image":[{"width":1563,"height":1563,"url":"https:\/\/lespepitesdebelleplagne.com\/wp-content\/uploads\/2026\/01\/logopeptite.png","type":"image\/png"}],"twitter_card":"summary_large_image","twitter_misc":{"Estimated reading time":"1 minute"},"schema":{"@context":"https:\/\/schema.org","@graph":[{"@type":"WebPage","@id":"https:\/\/lespepitesdebelleplagne.com\/contact-us\/","url":"https:\/\/lespepitesdebelleplagne.com\/contact-us\/","name":"Contact us Location Belle Plagne Les p\u00e9pites de belle Plagne","isPartOf":{"@id":"https:\/\/lespepitesdebelleplagne.com\/#website"},"primaryImageOfPage":{"@id":"https:\/\/lespepitesdebelleplagne.com\/contact-us\/#primaryimage"},"image":{"@id":"https:\/\/lespepitesdebelleplagne.com\/contact-us\/#primaryimage"},"thumbnailUrl":"https:\/\/lespepitesdebelleplagne.com\/wp-content\/uploads\/2026\/01\/logopeptite-300x300.png","datePublished":"2018-10-25T17:34:23+00:00","dateModified":"2026-01-22T14:46:45+00:00","description":"D\u00e9couvrez notre collection d\u2019appartements, parmi les plus \u00e9l\u00e9gants appartements de Belle-Plagne et autres villages \u00e0 2050 m\u00e8tres d\u2019altitude dans une des plus belle station d\u2019Europe. Tous les logements de notre collection sont accompagn\u00e9s de notre service de conciergerie, pour vous offrir un tr\u00e8s haut niveau d\u2019exp\u00e9rience, tout au long de votre s\u00e9jour.","breadcrumb":{"@id":"https:\/\/lespepitesdebelleplagne.com\/contact-us\/#breadcrumb"},"inLanguage":"en-GB","potentialAction":[{"@type":"ReadAction","target":["https:\/\/lespepitesdebelleplagne.com\/contact-us\/"]}]},{"@type":"ImageObject","inLanguage":"en-GB","@id":"https:\/\/lespepitesdebelleplagne.com\/contact-us\/#primaryimage","url":"https:\/\/lespepitesdebelleplagne.com\/wp-content\/uploads\/2026\/01\/logopeptite-300x300.png","contentUrl":"https:\/\/lespepitesdebelleplagne.com\/wp-content\/uploads\/2026\/01\/logopeptite-300x300.png"},{"@type":"BreadcrumbList","@id":"https:\/\/lespepitesdebelleplagne.com\/contact-us\/#breadcrumb","itemListElement":[{"@type":"ListItem","position":1,"name":"Accueil","item":"https:\/\/lespepitesdebelleplagne.com\/"},{"@type":"ListItem","position":2,"name":"Contact us"}]},{"@type":"WebSite","@id":"https:\/\/lespepitesdebelleplagne.com\/#website","url":"https:\/\/lespepitesdebelleplagne.com\/","name":"Les p\u00e9pites de belle Plagne","description":"D\u00e9couvrez notre collection d\u2019appartements, parmi les plus \u00e9l\u00e9gants appartements de Belle-Plagne et autres villages \u00e0 2050 m\u00e8tres d\u2019altitude dans une des plus belle station d\u2019Europe. Tous les logements de notre collection sont accompagn\u00e9s de notre service de conciergerie, pour vous offrir un tr\u00e8s haut niveau d\u2019exp\u00e9rience, tout au long de votre s\u00e9jour.","publisher":{"@id":"https:\/\/lespepitesdebelleplagne.com\/#organization"},"alternateName":"D\u00e9couvrez notre collection d\u2019appartements, parmi les plus \u00e9l\u00e9gants appartements de Belle-Plagne et autres villages \u00e0 2050 m\u00e8tres d\u2019altitude dans une des plus belle station d\u2019Europe. Tous les logements de notre collection sont accompagn\u00e9s de notre service de conciergerie, pour vous offrir un tr\u00e8s haut niveau d\u2019exp\u00e9rience, tout au long de votre s\u00e9jour.","potentialAction":[{"@type":"SearchAction","target":{"@type":"EntryPoint","urlTemplate":"https:\/\/lespepitesdebelleplagne.com\/?s={search_term_string}"},"query-input":{"@type":"PropertyValueSpecification","valueRequired":true,"valueName":"search_term_string"}}],"inLanguage":"en-GB"},{"@type":"Organization","@id":"https:\/\/lespepitesdebelleplagne.com\/#organization","name":"Les p\u00e9pites de belle Plagne","alternateName":"Location Belle Palgne","url":"https:\/\/lespepitesdebelleplagne.com\/","logo":{"@type":"ImageObject","inLanguage":"en-GB","@id":"https:\/\/lespepitesdebelleplagne.com\/#\/schema\/logo\/image\/","url":"https:\/\/lespepitesdebelleplagne.com\/wp-content\/uploads\/2023\/12\/LOGO-LAPLAGNE.jpeg","contentUrl":"https:\/\/lespepitesdebelleplagne.com\/wp-content\/uploads\/2023\/12\/LOGO-LAPLAGNE.jpeg","width":500,"height":500,"caption":"Les p\u00e9pites de belle Plagne"},"image":{"@id":"https:\/\/lespepitesdebelleplagne.com\/#\/schema\/logo\/image\/"}}]}},"_links":{"self":[{"href":"https:\/\/lespepitesdebelleplagne.com\/en\/wp-json\/wp\/v2\/pages\/1340","targetHints":{"allow":["GET"]}}],"collection":[{"href":"https:\/\/lespepitesdebelleplagne.com\/en\/wp-json\/wp\/v2\/pages"}],"about":[{"href":"https:\/\/lespepitesdebelleplagne.com\/en\/wp-json\/wp\/v2\/types\/page"}],"author":[{"embeddable":true,"href":"https:\/\/lespepitesdebelleplagne.com\/en\/wp-json\/wp\/v2\/users\/1"}],"replies":[{"embeddable":true,"href":"https:\/\/lespepitesdebelleplagne.com\/en\/wp-json\/wp\/v2\/comments?post=1340"}],"version-history":[{"count":206,"href":"https:\/\/lespepitesdebelleplagne.com\/en\/wp-json\/wp\/v2\/pages\/1340\/revisions"}],"predecessor-version":[{"id":7209,"href":"https:\/\/lespepitesdebelleplagne.com\/en\/wp-json\/wp\/v2\/pages\/1340\/revisions\/7209"}],"wp:attachment":[{"href":"https:\/\/lespepitesdebelleplagne.com\/en\/wp-json\/wp\/v2\/media?parent=1340"}],"curies":[{"name":"wp","href":"https:\/\/api.w.org\/{rel}","templated":true}]}}